{"id":255,"date":"2022-02-18T11:44:33","date_gmt":"2022-02-18T11:44:33","guid":{"rendered":"https:\/\/zmeetings.cms.gl\/?page_id=255"},"modified":"2025-06-25T15:36:15","modified_gmt":"2025-06-25T15:36:15","slug":"referencer","status":"publish","type":"page","link":"https:\/\/zmeetings.com\/en\/velkommen\/referencer\/","title":{"rendered":"Examples of conferences and other events"},"content":{"rendered":"\n<h2 class=\"wp-block-heading\" id=\"referencer-afviklede-konferencer-og-events\">Referencer &#8211; afviklede konferencer og events<\/h2>\n\n\n\n<p><strong><em>Future Greenland-konferencer:<\/em><\/strong><em> Gr\u00f8nlands st\u00f8rste erhvervskonference afholdes hvert andet \u00e5r. 450+ deltagere, prim\u00e6rt erhvervsfolk fra Gr\u00f8nland, Norden og Nordamerika. Koordinering af konferencen p\u00e5 vegne af Gr\u00f8nlands Erhverv, alt fra opl\u00e6gsholdere, registrering, korrespondance med konferencedeltagerne osv. Z Meetings har v\u00e6ret konference ansvarlig for Future Greenland-konferencen i 2024, 2022, 2019, 2017, 2015, 2013 og 2009.<\/em><\/p>\n\n\n\n<p><em>I 2024 blev ungdomskonferencen, Future of Greenland, introduceret med deltagelse af ca. 470 studerende, der deltog i ungdomskonferencen i Nuuk efterfulgt af Future of Greenland afholdt i Sisimiut, Gr\u00f8nlands n\u00e6stst\u00f8rste uddannelsesby i Gr\u00f8nland.<\/em><\/p>\n\n\n\n<p><strong>Vestnorden Travel Mart:<\/strong> Rejsemessen for Island, Gr\u00f8nland og F\u00e6r\u00f8erne. Gr\u00f8nland er v\u00e6rt hvert 4. \u00e5r. Z Meetings har v\u00e6ret projektleder for Vestnorden Travel Mart i 2022, 2017, 2013 og 2005. Over 400 branchefolk fra over 20 lande. Koordinering\/udvikling af registreringsmodul, pre-ture, messestand, transport til\/fra Gr\u00f8nland og hotelophold for alle deltagere, B2B-m\u00f8der osv.<\/p>\n\n\n\n<p><strong>Arctic Circle Greenland Forum: <\/strong>Arctic Circle har v\u00e6ret afholdt i Nuuk to gange, i 2022 og 2016, hvor Z Meetings begge gange var Arctic Circle-sekretariatets partner. Over 400 deltagere fra mere end 15 lande deltog i Arctic Circle Greenland Forum.<strong><\/strong><\/p>\n\n\n\n<p><strong>ICC: <\/strong>Inuit Circumpolar Conference (ICC): Koordinering af delegeretm\u00f8de og Arctic Peoples Conference i Ilulissat juli 2023. 160 deltagere fra Canada, Alaska, Gr\u00f8nland, samer fra Norge, Finland og Sverige samt observat\u00f8rer fra Island og de skandinaviske lande.<strong><\/strong><\/p>\n\n\n\n<p><strong>Arctic Parliamentary Summit, 2022: <\/strong>Koordinering af flyrejser, hotel og m\u00f8delokaler samt \u00e5bent hus-arrangement i samarbejde med Sila Greenland. Arctic Parliamentarians best\u00e5r af politikere fra 8 arktiske lande og EU.<strong><\/strong><\/p>\n\n\n\n<p><strong>PDAC: <\/strong>Koordinering af den gr\u00f8nlandske erhvervsdelegation til Prospectors &amp; Develops Association of Canada (minemesse med over 20.000 deltagere). Gr\u00f8nland deltager \u00e5rligt i PDAC med en erhvervsdelegation fra Gr\u00f8nland og Danmark. Z Meetings har deltaget i koordineringen af \u200b\u200berhvervsdelegationen hvert \u00e5r siden 2009, som i de senere \u00e5r har v\u00e6ret organiseret af Gr\u00f8nland Erhverv, Dansk Industri og det danske konsulat i Toronto.<strong><\/strong><\/p>\n\n\n\n<p><strong>Stol p\u00e5 r\u00e5dgivningen<\/strong><\/p>\n\n\n\n<p><br>Klienter kan stole p\u00e5 Z Meetings erfaring og r\u00e5dgivning om steder, s\u00e6soner og hvorn\u00e5r og hvor man skal afholde et arrangement i Gr\u00f8nland &#8211; eller ej, afh\u00e6ngigt af valg af sted og s\u00e6son. Karin Egede har bes\u00f8gt 16 af de 18 byer i Gr\u00f8nland og har v\u00e6ret involveret i rejsebranchen i mere end 30 \u00e5r. Karin har et personligt og professionelt kendskab til mulige underleverand\u00f8rer til ethvert arrangement. Karin havde sin barndom i Sydgr\u00f8nland og har boet mere end 20 \u00e5r i Nuuk.<\/p>\n","protected":false},"excerpt":{"rendered":"<p>Referencer &#8211; afviklede konferencer og events Future Greenland-konferencer: Gr\u00f8nlands st\u00f8rste erhvervskonference afholdes hvert andet \u00e5r. 450+ deltagere, prim\u00e6rt erhvervsfolk fra Gr\u00f8nland, Norden og Nordamerika. Koordinering af konferencen p\u00e5 vegne af Gr\u00f8nlands Erhverv, alt fra opl\u00e6gsholdere, registrering, korrespondance med konferencedeltagerne osv. Z Meetings har v\u00e6ret konference ansvarlig for Future Greenland-konferencen i 2024, 2022, 2019, 2017, 2015, &hellip; <a href=\"https:\/\/zmeetings.com\/en\/velkommen\/referencer\/\" class=\"more-link\">Continue reading <span class=\"screen-reader-text\">Examples of conferences and other events<\/span><\/a><\/p>\n","protected":false},"author":3,"featured_media":0,"parent":209,"menu_order":2,"comment_status":"closed","ping_status":"closed","template":"","meta":{"ngg_post_thumbnail":0,"footnotes":""},"class_list":["post-255","page","type-page","status-publish","hentry"],"translation":{"provider":"WPGlobus","version":"3.0.2","language":"en","enabled_languages":["da","kl","en"],"languages":{"da":{"title":true,"content":true,"excerpt":false},"kl":{"title":true,"content":true,"excerpt":false},"en":{"title":true,"content":false,"excerpt":false}}},"_links":{"self":[{"href":"https:\/\/zmeetings.com\/en\/wp-json\/wp\/v2\/pages\/255","targetHints":{"allow":["GET"]}}],"collection":[{"href":"https:\/\/zmeetings.com\/en\/wp-json\/wp\/v2\/pages"}],"about":[{"href":"https:\/\/zmeetings.com\/en\/wp-json\/wp\/v2\/types\/page"}],"author":[{"embeddable":true,"href":"https:\/\/zmeetings.com\/en\/wp-json\/wp\/v2\/users\/3"}],"replies":[{"embeddable":true,"href":"https:\/\/zmeetings.com\/en\/wp-json\/wp\/v2\/comments?post=255"}],"version-history":[{"count":5,"href":"https:\/\/zmeetings.com\/en\/wp-json\/wp\/v2\/pages\/255\/revisions"}],"predecessor-version":[{"id":1215,"href":"https:\/\/zmeetings.com\/en\/wp-json\/wp\/v2\/pages\/255\/revisions\/1215"}],"up":[{"embeddable":true,"href":"https:\/\/zmeetings.com\/en\/wp-json\/wp\/v2\/pages\/209"}],"wp:attachment":[{"href":"https:\/\/zmeetings.com\/en\/wp-json\/wp\/v2\/media?parent=255"}],"curies":[{"name":"wp","href":"https:\/\/api.w.org\/{rel}","templated":true}]}}