{"id":1146,"date":"2022-02-18T13:09:27","date_gmt":"2022-02-18T13:09:27","guid":{"rendered":"https:\/\/zmeetings.cms.gl\/?page_id=1146"},"modified":"2025-06-25T15:37:43","modified_gmt":"2025-06-25T15:37:43","slug":"priser_vilkaar","status":"publish","type":"page","link":"https:\/\/zmeetings.com\/kl\/priser_vilkaar\/","title":{"rendered":"Priser, vilk\u00e5r og betalingskort"},"content":{"rendered":"\n<p>Z Meetings serviceydelser ikke er en fysisk vare, men et skr\u00e6ddersyet produkt tilpasset den enkelte kunde.<\/p>\n\n\n\n<p>Afh\u00e6ngig af dit \u00f8nske til en konference, event, m\u00f8de eller en incentive, indhenter Z Meetings priser p\u00e5 de \u00f8nskede ydelser og udarbejder derefter et tilbud til dig. Det kan eksempelvis v\u00e6re ydelser som forplejning, underholdning, udarbejdelse af konferencedatabase, kommunikation med deltagere til en konference og meget mere.<\/p>\n\n\n\n<p>Hvis du skitserer dit \u00f8nske til et m\u00f8de, konference eller event, kvitterer vi med et tilbud p\u00e5 netop din l\u00f8sning.<\/p>\n\n\n\n<p>Et tilbud afgives som regel i danske kroner med mindre det er en udenlandsk kunde, som \u00f8nsker en anden valuta.<\/p>\n\n\n\n<p>Handelsbetingelser:<\/p>\n\n\n\n<p>Z Meetings og kunden indg\u00e5r en individuel kontrakt, hvor ydelser og reklamationsret er pr\u00e6ciseret, herunder annulleringsgebyrer.<\/p>\n\n\n\n<p>Mulige betalingskort: Dankort\/VISA-Dankort, Visa Electron, VISA, Mastercard and Maestro.<\/p>\n\n\n\n<figure class=\"wp-block-gallery has-nested-images columns-default is-cropped wp-block-gallery-1 is-layout-flex wp-block-gallery-is-layout-flex\">\n<figure class=\"wp-block-image size-large is-style-default\"><img loading=\"lazy\" decoding=\"async\" width=\"130\" height=\"38\" data-id=\"162\" src=\"https:\/\/zmeetings.cms.gl\/wp-content\/uploads\/2021\/04\/visa-pos-fcjpg.jpg\" alt=\"\" class=\"wp-image-162\"\/><\/figure>\n\n\n\n<figure class=\"wp-block-image size-large is-style-default\"><img loading=\"lazy\" decoding=\"async\" width=\"130\" height=\"38\" data-id=\"161\" src=\"https:\/\/zmeetings.cms.gl\/wp-content\/uploads\/2021\/04\/mastercardjpg.jpg\" alt=\"\" class=\"wp-image-161\"\/><\/figure>\n\n\n\n<figure class=\"wp-block-image size-large is-style-default\"><img loading=\"lazy\" decoding=\"async\" width=\"557\" height=\"369\" data-id=\"159\" src=\"https:\/\/zmeetings.cms.gl\/wp-content\/uploads\/2021\/04\/dk_logo_rgb_100_mmjpg.jpg\" alt=\"Dankort\" class=\"wp-image-159\" srcset=\"https:\/\/zmeetings.com\/wp-content\/uploads\/2021\/04\/dk_logo_rgb_100_mmjpg.jpg 557w, https:\/\/zmeetings.com\/wp-content\/uploads\/2021\/04\/dk_logo_rgb_100_mmjpg-300x199.jpg 300w\" sizes=\"auto, (max-width: 557px) 100vw, 557px\" \/><\/figure>\n<\/figure>\n","protected":false},"excerpt":{"rendered":"<p>Z Meetings serviceydelser ikke er en fysisk vare, men et skr\u00e6ddersyet produkt tilpasset den enkelte kunde. Afh\u00e6ngig af dit \u00f8nske til en konference, event, m\u00f8de eller en incentive, indhenter Z Meetings priser p\u00e5 de \u00f8nskede ydelser og udarbejder derefter et tilbud til dig. Det kan eksempelvis v\u00e6re ydelser som forplejning, underholdning, udarbejdelse af konferencedatabase, kommunikation &hellip; <a href=\"https:\/\/zmeetings.com\/kl\/priser_vilkaar\/\" class=\"more-link\">Continue reading <span class=\"screen-reader-text\">Priser, vilk\u00e5r og betalingskort<\/span><\/a><\/p>\n","protected":false},"author":3,"featured_media":0,"parent":0,"menu_order":0,"comment_status":"closed","ping_status":"closed","template":"","meta":{"ngg_post_thumbnail":0,"footnotes":""},"class_list":["post-1146","page","type-page","status-publish","hentry"],"translation":{"provider":"WPGlobus","version":"3.0.2","language":"kl","enabled_languages":["da","kl","en"],"languages":{"da":{"title":true,"content":true,"excerpt":false},"kl":{"title":false,"content":false,"excerpt":false},"en":{"title":true,"content":true,"excerpt":false}}},"_links":{"self":[{"href":"https:\/\/zmeetings.com\/kl\/wp-json\/wp\/v2\/pages\/1146","targetHints":{"allow":["GET"]}}],"collection":[{"href":"https:\/\/zmeetings.com\/kl\/wp-json\/wp\/v2\/pages"}],"about":[{"href":"https:\/\/zmeetings.com\/kl\/wp-json\/wp\/v2\/types\/page"}],"author":[{"embeddable":true,"href":"https:\/\/zmeetings.com\/kl\/wp-json\/wp\/v2\/users\/3"}],"replies":[{"embeddable":true,"href":"https:\/\/zmeetings.com\/kl\/wp-json\/wp\/v2\/comments?post=1146"}],"version-history":[{"count":8,"href":"https:\/\/zmeetings.com\/kl\/wp-json\/wp\/v2\/pages\/1146\/revisions"}],"predecessor-version":[{"id":1179,"href":"https:\/\/zmeetings.com\/kl\/wp-json\/wp\/v2\/pages\/1146\/revisions\/1179"}],"wp:attachment":[{"href":"https:\/\/zmeetings.com\/kl\/wp-json\/wp\/v2\/media?parent=1146"}],"curies":[{"name":"wp","href":"https:\/\/api.w.org\/{rel}","templated":true}]}}