{"id":255,"date":"2022-02-18T11:44:33","date_gmt":"2022-02-18T11:44:33","guid":{"rendered":"https:\/\/zmeetings.cms.gl\/?page_id=255"},"modified":"2025-06-25T15:36:15","modified_gmt":"2025-06-25T15:36:15","slug":"referencer","status":"publish","type":"page","link":"https:\/\/zmeetings.com\/kl\/velkommen\/referencer\/","title":{"rendered":"Ataatsimeersuatitsinerit\/suliakkiissutit ingerlannikuusat"},"content":{"rendered":"\n<h3 class=\"wp-block-heading\" id=\"ataatsimeersuatitsinerit-suliakkiissutit-ingerlannikuusat\"><strong>Ataatsimeersuatitsinerit\/suliakkiissutit ingerlannikuusat:<\/strong><\/h3>\n\n\n\n<p><strong>2016<\/strong><\/p>\n\n\n\n<p>\u221a&nbsp; Ataatsimeersuarneq: Angerlarsimaffimmi nakuusertarneq \u2013 Ataatsimoorluta akisussaaffipput, peqataasut 200-it sinnerlugit, Pingaarnertut saqqummiisussaq: Ataqqinartorsuup kunngissatta Nulia Mary ataatsimeersuarneq ammassavaa<\/p>\n\n\n\n<p>\u221a&nbsp; Arctic Circle Forum, Greenland, peqataasut 350-it sinnerlugit, nunat 20-it peqataaffigisaannik ulluni pingasuni ataatsimeersuartitsineq. Peqataasut ilagivaat nunatsnni Naalakkersuisut siulittaasuat, Island-ip pr\u00e6sidenti-ia, ICC-p pr\u00e6sident-ia, ministerit, aallartitat (ambassad\u00f8r-it) allallu.<\/p>\n\n\n\n<p>\u221a&nbsp; Arctic Winter Games 2016-qarnermut atatillugu sullissinermik ilinniartitsinermik ataqatigiissaarisuullunilu ingerlatsisuuneq.<\/p>\n\n\n\n<p><strong>2015<\/strong><\/p>\n\n\n\n<p>\u221a&nbsp;&nbsp; Nuuk Nordisk Kulturfestival, Nunanit Avannarlernit peqataasut 100-t sinnerlugit. Nerisaqartitsinermik ataqatigiissaarineq, pitsaassutsimik nalililersuineq, pisoq pillugu paasissutissiissarneq aammalu immineq piumassutsimik suleqataasut ataqatigiissarnerinik aqutsineq.<\/p>\n\n\n\n<p>\u221a&nbsp;&nbsp; Nuummi \u201dAalborg-ip ullui\u201d. Peqataasunut 70-it sinnerlugit amerlatigisunut pilersaarusiuussineq, soorlu politik-imut tunngasunik, aliikkusersuinernut tunngasunik kiisalu Kommuneqarfik Sermersooq-mit Aalborg-imiillu inuutissarsiutilinnik aallartitalersuinernik katiterineq. Akunnittarfiit, nerisaqarnerit, Katuami naggataarutaasumik takutitsilluni aliikkusersuinermik il.il aaqqissuinerit.<\/p>\n\n\n\n<p>\u221a&nbsp;&nbsp; Icomm konference, Nunanit Avannarlernit katersugaasivinni sulisut 60-it sinnerlugit, ataatsimeersuarnermik ingerlatsineq il.il..<\/p>\n\n\n\n<p>\u221a&nbsp;&nbsp; Future Greenland, 350-it sinnerlugit amerlatigisunik peqataaffgineqartoq, minnerunngitsumik Qallunaat Nunaanni Kalaallit Nunaannilu inuutissarsiornermik ingerlataqartut peqataaffigisaannik. GE sinnerlugu ataatsimeersuartitsinermik ingerlatsineq, saqqummiussisussanik sioqqutisunik pilersaarusioqateqarnerit, nalunaarnissanik aqutsinerit il.il ilanngullugit.<\/p>\n\n\n\n<p>\u221a&nbsp;&nbsp; Ilaqutariinnermut, Naligiissitaanermut Isumaginninnermullu Naalakkersuisoqarfik sullillugu pikkorissaanerit arlaqartut, nunarput tamakkerlugu peqataaffigineqartut angalanissaannik, akunniffissaannik, nerisaqartinnissaannik il.il&nbsp; aaqqissuinerit.<\/p>\n\n\n\n<p><strong>2014<\/strong><\/p>\n\n\n\n<p>\u221a&nbsp;&nbsp; NFBO konference, Nunanit Avannarlernit peqataasut 260-it sinnerlugit. Meeqqanik atornerluisarneq pillugu ataatsimeersuartitsineq.<\/p>\n\n\n\n<p>\u221a&nbsp;&nbsp; Kalaallit Nunaanni nunaqarfiit minnerusut ineriartortinnissaat pillugit ataatsimeersuarneq nunarput tamakkerlugu aggersunit 150-init amerlanerusunit peqataaffigineqartoq. Silaannakkut angalanissanik aaqqissuinerit, najugaqarfissanik aaqqissuinerit aammalu nunaqarfinnit avinngarusimasunit angallassinissanik aaqqissuinerit il.il..<\/p>\n\n\n\n<p>\u221a&nbsp;&nbsp; Danish Institute for International Studies, Inuit 30-it sinnerlugit Kuannersuarmut angalatitsineq ullullu 3-t uran pillugu ataatsimeersuartitsinermik aaqqissuineq. &nbsp;<\/p>\n\n\n\n<p>\u221a&nbsp;&nbsp; Korea-mit tikeraartit nuimasut sullinnissaannik ataqatigiissaarineq.<\/p>\n\n\n\n<p><strong>2013<\/strong><\/p>\n\n\n\n<p>\u221a&nbsp;&nbsp; Vestnorden Travel Mart 2013, Visit Greenland sinnerlugu inunnit 350-it sinnerlugit amerlanerusunit peqataaffigineqartumik takornariaqarneq pillugu messe-mik ataqatigiissaarineq , nittartagaliuussineq, peqataajumasunik nalunaarsuineq. Angalatitsinerit, saqqummersiffissaliuussineq,silannakkut angalanissanik aaqqissuussinerit, takoqqusaarusiolunilu paasissutissiissusiorneq il.il.. Peqataasut nunanit 20-init amerlanerusuneersuupput.<\/p>\n\n\n\n<p>\u221a&nbsp;&nbsp; Ilinniartitsinermik ilisimatusarfik sullillugu pikkorissaanernik aaqqissuussinerit. Kalaallit Nunaat tamakkerlugu pikkorissaanerni peqataasussanik tamakkiisumik takussutissiissusiorneq.<\/p>\n","protected":false},"excerpt":{"rendered":"<p>Ataatsimeersuatitsinerit\/suliakkiissutit ingerlannikuusat: 2016 \u221a&nbsp; Ataatsimeersuarneq: Angerlarsimaffimmi nakuusertarneq \u2013 Ataatsimoorluta akisussaaffipput, peqataasut 200-it sinnerlugit, Pingaarnertut saqqummiisussaq: Ataqqinartorsuup kunngissatta Nulia Mary ataatsimeersuarneq ammassavaa \u221a&nbsp; Arctic Circle Forum, Greenland, peqataasut 350-it sinnerlugit, nunat 20-it peqataaffigisaannik ulluni pingasuni ataatsimeersuartitsineq. Peqataasut ilagivaat nunatsnni Naalakkersuisut siulittaasuat, Island-ip pr\u00e6sidenti-ia, ICC-p pr\u00e6sident-ia, ministerit, aallartitat (ambassad\u00f8r-it) allallu. \u221a&nbsp; Arctic Winter Games 2016-qarnermut atatillugu sullissinermik &hellip; <a href=\"https:\/\/zmeetings.com\/kl\/velkommen\/referencer\/\" class=\"more-link\">Continue reading <span class=\"screen-reader-text\">Ataatsimeersuatitsinerit\/suliakkiissutit ingerlannikuusat<\/span><\/a><\/p>\n","protected":false},"author":3,"featured_media":0,"parent":209,"menu_order":2,"comment_status":"closed","ping_status":"closed","template":"","meta":{"ngg_post_thumbnail":0,"footnotes":""},"class_list":["post-255","page","type-page","status-publish","hentry"],"translation":{"provider":"WPGlobus","version":"3.0.2","language":"kl","enabled_languages":["da","kl","en"],"languages":{"da":{"title":true,"content":true,"excerpt":false},"kl":{"title":true,"content":true,"excerpt":false},"en":{"title":true,"content":false,"excerpt":false}}},"_links":{"self":[{"href":"https:\/\/zmeetings.com\/kl\/wp-json\/wp\/v2\/pages\/255","targetHints":{"allow":["GET"]}}],"collection":[{"href":"https:\/\/zmeetings.com\/kl\/wp-json\/wp\/v2\/pages"}],"about":[{"href":"https:\/\/zmeetings.com\/kl\/wp-json\/wp\/v2\/types\/page"}],"author":[{"embeddable":true,"href":"https:\/\/zmeetings.com\/kl\/wp-json\/wp\/v2\/users\/3"}],"replies":[{"embeddable":true,"href":"https:\/\/zmeetings.com\/kl\/wp-json\/wp\/v2\/comments?post=255"}],"version-history":[{"count":5,"href":"https:\/\/zmeetings.com\/kl\/wp-json\/wp\/v2\/pages\/255\/revisions"}],"predecessor-version":[{"id":1215,"href":"https:\/\/zmeetings.com\/kl\/wp-json\/wp\/v2\/pages\/255\/revisions\/1215"}],"up":[{"embeddable":true,"href":"https:\/\/zmeetings.com\/kl\/wp-json\/wp\/v2\/pages\/209"}],"wp:attachment":[{"href":"https:\/\/zmeetings.com\/kl\/wp-json\/wp\/v2\/media?parent=255"}],"curies":[{"name":"wp","href":"https:\/\/api.w.org\/{rel}","templated":true}]}}